{"id":683,"date":"2023-05-29T19:00:53","date_gmt":"2023-05-29T17:00:53","guid":{"rendered":"https:\/\/pernet-a.com\/fr\/?page_id=683"},"modified":"2023-06-16T20:54:57","modified_gmt":"2023-06-16T18:54:57","slug":"city-of-porto","status":"publish","type":"page","link":"https:\/\/pernet-a.com\/fr\/city-of-porto\/","title":{"rendered":"CITY OF PORTO"},"content":{"rendered":"<p>[et_pb_section fb_built=&#8221;1&#8243; _builder_version=&#8221;4.20.2&#8243; _module_preset=&#8221;default&#8221; background_color=&#8221;gcid-e7b232ef-f215-4a26-9995-d2f883fb36a5&#8243; background_image=&#8221;https:\/\/pernet-a.com\/fr\/wp-content\/uploads\/sites\/5\/2023\/05\/Background-Porto-1.jpg&#8221; min_height=&#8221;750px&#8221; height=&#8221;90vh&#8221; max_height=&#8221;1900px&#8221; custom_padding=&#8221;0px|0px|21px|0px|false|true&#8221; box_shadow_style=&#8221;preset6&#8243; box_shadow_vertical=&#8221;-61px&#8221; box_shadow_blur=&#8221;26px&#8221; box_shadow_spread=&#8221;-13px&#8221; box_shadow_color=&#8221;gcid-e7b232ef-f215-4a26-9995-d2f883fb36a5&#8243; locked=&#8221;off&#8221; global_colors_info=&#8221;{%22gcid-e7b232ef-f215-4a26-9995-d2f883fb36a5%22:%91%22background_color%22,%22box_shadow_color%22%93}&#8221;][et_pb_row make_equal=&#8221;on&#8221; _builder_version=&#8221;4.20.2&#8243; _module_preset=&#8221;default&#8221; width=&#8221;100%&#8221; max_width=&#8221;1372px&#8221; height=&#8221;100%&#8221; custom_padding=&#8221;||56px|0px||&#8221; custom_css_main_element=&#8221;display: flex; flex-direction: column; justify-content: center;&#8221; global_colors_info=&#8221;{}&#8221;][et_pb_column type=&#8221;4_4&#8243; _builder_version=&#8221;4.20.2&#8243; _module_preset=&#8221;default&#8221; global_colors_info=&#8221;{}&#8221;][et_pb_code _builder_version=&#8221;4.20.2&#8243; _module_preset=&#8221;default&#8221; animation_style=&#8221;fade&#8221; global_colors_info=&#8221;{}&#8221;]<iframe loading=\"lazy\" width=\"560\" height=\"315\" src=\"https:\/\/www.youtube.com\/embed\/7IOdYSy6cQ0\" title=\"YouTube video player\" frameborder=\"0\" allow=\"accelerometer; autoplay; clipboard-write; encrypted-media; gyroscope; picture-in-picture; web-share\" allowfullscreen><\/iframe>[\/et_pb_code][\/et_pb_column][\/et_pb_row][\/et_pb_section][et_pb_section fb_built=&#8221;1&#8243; _builder_version=&#8221;4.20.2&#8243; _module_preset=&#8221;default&#8221; background_color=&#8221;#111111&#8243; background_enable_image=&#8221;off&#8221; parallax=&#8221;on&#8221; custom_margin=&#8221;71px|||||&#8221; custom_padding=&#8221;0px||0px|||&#8221; global_colors_info=&#8221;{}&#8221;][et_pb_row column_structure=&#8221;2_5,3_5&#8243; make_equal=&#8221;on&#8221; _builder_version=&#8221;4.20.2&#8243; _module_preset=&#8221;default&#8221; width=&#8221;90%&#8221; max_width=&#8221;1400px&#8221; custom_margin=&#8221;-72px|auto||auto||&#8221; custom_padding=&#8221;69px||69px|||&#8221; custom_css_main_element=&#8221;align-items: center!important;&#8221; global_colors_info=&#8221;{}&#8221;][et_pb_column type=&#8221;2_5&#8243; _builder_version=&#8221;4.20.2&#8243; _module_preset=&#8221;default&#8221; global_colors_info=&#8221;{}&#8221;][et_pb_blurb title=&#8221;VILLE DE PORTO&#8221; content_max_width=&#8221;180%&#8221; _builder_version=&#8221;4.20.2&#8243; _module_preset=&#8221;default&#8221; header_level=&#8221;h2&#8243; header_font=&#8221;Montserrat|700|||||||&#8221; header_text_color=&#8221;#FFFFFF&#8221; header_font_size=&#8221;36px&#8221; body_font=&#8221;Montserrat||||||||&#8221; body_text_color=&#8221;#FFFFFF&#8221; body_font_size=&#8221;20px&#8221; body_line_height=&#8221;1em&#8221; custom_padding=&#8221;||0px||false|false&#8221; animation_style=&#8221;fade&#8221; hover_enabled=&#8221;0&#8243; global_colors_info=&#8221;{}&#8221; sticky_enabled=&#8221;0&#8243;]<\/p>\n<p><span>VIDEOGRAPHIE AERIENNE<\/span><\/p>\n<p>[\/et_pb_blurb][et_pb_text _builder_version=&#8221;4.20.2&#8243; _module_preset=&#8221;default&#8221; text_font=&#8221;Montserrat||||||||&#8221; text_text_color=&#8221;#FFFFFF&#8221; custom_padding=&#8221;||73px|||&#8221; animation_style=&#8221;fade&#8221; animation_duration=&#8221;1500ms&#8221; global_colors_info=&#8221;{}&#8221;]<\/p>\n<p style=\"text-align: justify;\">Tournage et montage d\u2019une vid\u00e9o sur la ville de Porto communiquant l\u2019ambiance et le c\u00f4t\u00e9 culturel de la ville de fa\u00e7on cin\u00e9matique.<\/p>\n<p style=\"text-align: justify;\">Une vid\u00e9o principale ainsi que d\u2019autres plus courtes seront r\u00e9alis\u00e9es \u00e0 partir des images, mettant en avant plusieurs techniques cin\u00e9matographiques tels que timelapses et hyperlapses ainsi que nombreuses transitions visuelles.<\/p>\n<p>[\/et_pb_text][\/et_pb_column][et_pb_column type=&#8221;3_5&#8243; _builder_version=&#8221;4.20.2&#8243; _module_preset=&#8221;default&#8221; global_colors_info=&#8221;{}&#8221;][et_pb_image src=&#8221;https:\/\/pernet-a.com\/fr\/wp-content\/uploads\/sites\/5\/2023\/05\/1080.01_02_18_06.Still003.jpg&#8221; alt=&#8221;14&#8243; title_text=&#8221;1080.01_02_18_06.Still003&#8243; align=&#8221;center&#8221; _builder_version=&#8221;4.20.2&#8243; _module_preset=&#8221;default&#8221; width=&#8221;80%&#8221; module_alignment=&#8221;center&#8221; max_height=&#8221;587px&#8221; animation_style=&#8221;fade&#8221; global_colors_info=&#8221;{}&#8221;][\/et_pb_image][et_pb_image src=&#8221;https:\/\/pernet-a.com\/fr\/wp-content\/uploads\/sites\/5\/2023\/05\/RHERT.jpg&#8221; alt=&#8221;12&#8243; title_text=&#8221;RHERT&#8221; align=&#8221;center&#8221; _builder_version=&#8221;4.20.2&#8243; _module_preset=&#8221;default&#8221; width=&#8221;80%&#8221; module_alignment=&#8221;center&#8221; max_height=&#8221;587px&#8221; custom_margin=&#8221;-35px|||10px||&#8221; animation_style=&#8221;fade&#8221; animation_duration=&#8221;1500ms&#8221; global_colors_info=&#8221;{}&#8221;][\/et_pb_image][\/et_pb_column][\/et_pb_row][\/et_pb_section][et_pb_section fb_built=&#8221;1&#8243; _builder_version=&#8221;4.20.2&#8243; _module_preset=&#8221;default&#8221; background_image=&#8221;https:\/\/pernet-a.com\/fr\/wp-content\/uploads\/sites\/5\/2023\/05\/Background-Porto-1.jpg&#8221; parallax=&#8221;on&#8221; custom_padding=&#8221;135px|||||&#8221; global_colors_info=&#8221;{}&#8221;][et_pb_row column_structure=&#8221;2_5,3_5&#8243; make_equal=&#8221;on&#8221; _builder_version=&#8221;4.20.2&#8243; _module_preset=&#8221;default&#8221; width=&#8221;90%&#8221; max_width=&#8221;1400px&#8221; custom_padding=&#8221;||87px|||&#8221; custom_css_main_element=&#8221;align-items: center!important;&#8221; global_colors_info=&#8221;{}&#8221;][et_pb_column type=&#8221;2_5&#8243; _builder_version=&#8221;4.20.2&#8243; _module_preset=&#8221;default&#8221; global_colors_info=&#8221;{}&#8221;][et_pb_image src=&#8221;https:\/\/pernet-a.com\/fr\/wp-content\/uploads\/sites\/5\/2023\/05\/28.jpg&#8221; title_text=&#8221;28&#8243; align=&#8221;center&#8221; _builder_version=&#8221;4.20.2&#8243; _module_preset=&#8221;default&#8221; module_alignment=&#8221;center&#8221; max_height=&#8221;587px&#8221; animation_style=&#8221;fade&#8221; global_colors_info=&#8221;{}&#8221;][\/et_pb_image][\/et_pb_column][et_pb_column type=&#8221;3_5&#8243; _builder_version=&#8221;4.20.2&#8243; _module_preset=&#8221;default&#8221; global_colors_info=&#8221;{}&#8221;][et_pb_text _builder_version=&#8221;4.20.2&#8243; _module_preset=&#8221;default&#8221; text_font=&#8221;Montserrat||||||||&#8221; text_text_color=&#8221;#FFFFFF&#8221; text_line_height=&#8221;1.3em&#8221; header_line_height=&#8221;0em&#8221; width=&#8221;100%&#8221; custom_margin=&#8221;|35px|||false|false&#8221; custom_padding=&#8221;5px|17px||17px|false|false&#8221; animation_style=&#8221;fade&#8221; text_orientation_tablet=&#8221;&#8221; text_orientation_phone=&#8221;justified&#8221; text_orientation_last_edited=&#8221;on|phone&#8221; global_colors_info=&#8221;{}&#8221;]<\/p>\n<p style=\"text-align: justify;\">Pour la conception de cette vid\u00e9o un travail important du design sonore et du son a \u00e9t\u00e9 produit pour l&#8217;immersion apport\u00e9e par la vid\u00e9o et la mise en avant d&#8217;une ambiance visuelle et sonore repr\u00e9sentative de la ville et de sa culture.<\/p>\n<p style=\"text-align: justify;\">Cette vid\u00e9o sera par la suite partag\u00e9e par la ville de Porto via les r\u00e9seaux sociaux.<\/p>\n<p>[\/et_pb_text][\/et_pb_column][\/et_pb_row][\/et_pb_section]<\/p>\n","protected":false},"excerpt":{"rendered":"<p>VIDEOGRAPHIE AERIENNETournage et montage d\u2019une vid\u00e9o sur la ville de Porto communiquant l\u2019ambiance et le c\u00f4t\u00e9 culturel de la ville de fa\u00e7on cin\u00e9matique. Une vid\u00e9o principale ainsi que d\u2019autres plus courtes seront r\u00e9alis\u00e9es \u00e0 partir des images, mettant en avant plusieurs techniques cin\u00e9matographiques tels que timelapses et hyperlapses ainsi que nombreuses transitions visuelles.Pour la conception [&hellip;]<\/p>\n","protected":false},"author":2,"featured_media":0,"parent":0,"menu_order":0,"comment_status":"closed","ping_status":"closed","template":"","meta":{"_et_pb_use_builder":"on","_et_pb_old_content":"","_et_gb_content_width":""},"yoast_head":"<!-- This site is optimized with the Yoast SEO plugin v20.4 - https:\/\/yoast.com\/wordpress\/plugins\/seo\/ -->\n<title>CITY OF PORTO - Pernet Alexis - Fran\u00e7ais<\/title>\n<meta name=\"robots\" content=\"index, follow, max-snippet:-1, max-image-preview:large, max-video-preview:-1\" \/>\n<link rel=\"canonical\" href=\"https:\/\/pernet-a.com\/fr\/city-of-porto\/\" \/>\n<meta property=\"og:locale\" content=\"fr_FR\" \/>\n<meta property=\"og:type\" content=\"article\" \/>\n<meta property=\"og:title\" content=\"CITY OF PORTO - Pernet Alexis - Fran\u00e7ais\" \/>\n<meta property=\"og:description\" content=\"VIDEOGRAPHIE AERIENNETournage et montage d\u2019une vid\u00e9o sur la ville de Porto communiquant l\u2019ambiance et le c\u00f4t\u00e9 culturel de la ville de fa\u00e7on cin\u00e9matique. Une vid\u00e9o principale ainsi que d\u2019autres plus courtes seront r\u00e9alis\u00e9es \u00e0 partir des images, mettant en avant plusieurs techniques cin\u00e9matographiques tels que timelapses et hyperlapses ainsi que nombreuses transitions visuelles.Pour la conception [&hellip;]\" \/>\n<meta property=\"og:url\" content=\"https:\/\/pernet-a.com\/fr\/city-of-porto\/\" \/>\n<meta property=\"og:site_name\" content=\"Pernet Alexis - Fran\u00e7ais\" \/>\n<meta property=\"article:modified_time\" content=\"2023-06-16T18:54:57+00:00\" \/>\n<meta name=\"twitter:card\" content=\"summary_large_image\" \/>\n<meta name=\"twitter:label1\" content=\"Dur\u00e9e de lecture estim\u00e9e\" \/>\n\t<meta name=\"twitter:data1\" content=\"3 minutes\" \/>\n<script type=\"application\/ld+json\" class=\"yoast-schema-graph\">{\"@context\":\"https:\/\/schema.org\",\"@graph\":[{\"@type\":\"WebPage\",\"@id\":\"https:\/\/pernet-a.com\/fr\/city-of-porto\/\",\"url\":\"https:\/\/pernet-a.com\/fr\/city-of-porto\/\",\"name\":\"CITY OF PORTO - Pernet Alexis - Fran\u00e7ais\",\"isPartOf\":{\"@id\":\"https:\/\/pernet-a.com\/fr\/#website\"},\"datePublished\":\"2023-05-29T17:00:53+00:00\",\"dateModified\":\"2023-06-16T18:54:57+00:00\",\"breadcrumb\":{\"@id\":\"https:\/\/pernet-a.com\/fr\/city-of-porto\/#breadcrumb\"},\"inLanguage\":\"fr-FR\",\"potentialAction\":[{\"@type\":\"ReadAction\",\"target\":[\"https:\/\/pernet-a.com\/fr\/city-of-porto\/\"]}]},{\"@type\":\"BreadcrumbList\",\"@id\":\"https:\/\/pernet-a.com\/fr\/city-of-porto\/#breadcrumb\",\"itemListElement\":[{\"@type\":\"ListItem\",\"position\":1,\"name\":\"Accueil\",\"item\":\"https:\/\/pernet-a.com\/fr\/\"},{\"@type\":\"ListItem\",\"position\":2,\"name\":\"CITY OF PORTO\"}]},{\"@type\":\"WebSite\",\"@id\":\"https:\/\/pernet-a.com\/fr\/#website\",\"url\":\"https:\/\/pernet-a.com\/fr\/\",\"name\":\"Pernet Alexis - Fran\u00e7ais\",\"description\":\"Visual Content Creation: Videography, Motion Design, Photography, and Graphic Design\",\"potentialAction\":[{\"@type\":\"SearchAction\",\"target\":{\"@type\":\"EntryPoint\",\"urlTemplate\":\"https:\/\/pernet-a.com\/fr\/?s={search_term_string}\"},\"query-input\":\"required name=search_term_string\"}],\"inLanguage\":\"fr-FR\"}]}<\/script>\n<!-- \/ Yoast SEO plugin. -->","yoast_head_json":{"title":"CITY OF PORTO - Pernet Alexis - Fran\u00e7ais","robots":{"index":"index","follow":"follow","max-snippet":"max-snippet:-1","max-image-preview":"max-image-preview:large","max-video-preview":"max-video-preview:-1"},"canonical":"https:\/\/pernet-a.com\/fr\/city-of-porto\/","og_locale":"fr_FR","og_type":"article","og_title":"CITY OF PORTO - Pernet Alexis - Fran\u00e7ais","og_description":"VIDEOGRAPHIE AERIENNETournage et montage d\u2019une vid\u00e9o sur la ville de Porto communiquant l\u2019ambiance et le c\u00f4t\u00e9 culturel de la ville de fa\u00e7on cin\u00e9matique. Une vid\u00e9o principale ainsi que d\u2019autres plus courtes seront r\u00e9alis\u00e9es \u00e0 partir des images, mettant en avant plusieurs techniques cin\u00e9matographiques tels que timelapses et hyperlapses ainsi que nombreuses transitions visuelles.Pour la conception [&hellip;]","og_url":"https:\/\/pernet-a.com\/fr\/city-of-porto\/","og_site_name":"Pernet Alexis - Fran\u00e7ais","article_modified_time":"2023-06-16T18:54:57+00:00","twitter_card":"summary_large_image","twitter_misc":{"Dur\u00e9e de lecture estim\u00e9e":"3 minutes"},"schema":{"@context":"https:\/\/schema.org","@graph":[{"@type":"WebPage","@id":"https:\/\/pernet-a.com\/fr\/city-of-porto\/","url":"https:\/\/pernet-a.com\/fr\/city-of-porto\/","name":"CITY OF PORTO - Pernet Alexis - Fran\u00e7ais","isPartOf":{"@id":"https:\/\/pernet-a.com\/fr\/#website"},"datePublished":"2023-05-29T17:00:53+00:00","dateModified":"2023-06-16T18:54:57+00:00","breadcrumb":{"@id":"https:\/\/pernet-a.com\/fr\/city-of-porto\/#breadcrumb"},"inLanguage":"fr-FR","potentialAction":[{"@type":"ReadAction","target":["https:\/\/pernet-a.com\/fr\/city-of-porto\/"]}]},{"@type":"BreadcrumbList","@id":"https:\/\/pernet-a.com\/fr\/city-of-porto\/#breadcrumb","itemListElement":[{"@type":"ListItem","position":1,"name":"Accueil","item":"https:\/\/pernet-a.com\/fr\/"},{"@type":"ListItem","position":2,"name":"CITY OF PORTO"}]},{"@type":"WebSite","@id":"https:\/\/pernet-a.com\/fr\/#website","url":"https:\/\/pernet-a.com\/fr\/","name":"Pernet Alexis - Fran\u00e7ais","description":"Visual Content Creation: Videography, Motion Design, Photography, and Graphic Design","potentialAction":[{"@type":"SearchAction","target":{"@type":"EntryPoint","urlTemplate":"https:\/\/pernet-a.com\/fr\/?s={search_term_string}"},"query-input":"required name=search_term_string"}],"inLanguage":"fr-FR"}]}},"_links":{"self":[{"href":"https:\/\/pernet-a.com\/fr\/wp-json\/wp\/v2\/pages\/683"}],"collection":[{"href":"https:\/\/pernet-a.com\/fr\/wp-json\/wp\/v2\/pages"}],"about":[{"href":"https:\/\/pernet-a.com\/fr\/wp-json\/wp\/v2\/types\/page"}],"author":[{"embeddable":true,"href":"https:\/\/pernet-a.com\/fr\/wp-json\/wp\/v2\/users\/2"}],"replies":[{"embeddable":true,"href":"https:\/\/pernet-a.com\/fr\/wp-json\/wp\/v2\/comments?post=683"}],"version-history":[{"count":12,"href":"https:\/\/pernet-a.com\/fr\/wp-json\/wp\/v2\/pages\/683\/revisions"}],"predecessor-version":[{"id":1231,"href":"https:\/\/pernet-a.com\/fr\/wp-json\/wp\/v2\/pages\/683\/revisions\/1231"}],"wp:attachment":[{"href":"https:\/\/pernet-a.com\/fr\/wp-json\/wp\/v2\/media?parent=683"}],"curies":[{"name":"wp","href":"https:\/\/api.w.org\/{rel}","templated":true}]}}