{"id":954,"date":"2023-06-04T14:42:03","date_gmt":"2023-06-04T12:42:03","guid":{"rendered":"https:\/\/pernet-a.com\/fr\/?page_id=954"},"modified":"2023-06-15T20:35:59","modified_gmt":"2023-06-15T18:35:59","slug":"accor-live-limitless","status":"publish","type":"page","link":"https:\/\/pernet-a.com\/fr\/accor-live-limitless\/","title":{"rendered":"ACCOR LIVE LIMITLESS"},"content":{"rendered":"<p>[et_pb_section fb_built=&#8221;1&#8243; disabled_on=&#8221;on|off|off&#8221; _builder_version=&#8221;4.20.2&#8243; _module_preset=&#8221;default&#8221; background_color=&#8221;gcid-e7b232ef-f215-4a26-9995-d2f883fb36a5&#8243; background_image=&#8221;https:\/\/pernet-a.com\/fr\/wp-content\/uploads\/sites\/5\/2023\/06\/OIUYTR.jpg&#8221; min_height=&#8221;750px&#8221; height=&#8221;90vh&#8221; max_height=&#8221;1900px&#8221; custom_padding=&#8221;0px|0px|21px|0px|false|true&#8221; box_shadow_style=&#8221;preset6&#8243; box_shadow_vertical=&#8221;-61px&#8221; box_shadow_blur=&#8221;26px&#8221; box_shadow_spread=&#8221;-13px&#8221; box_shadow_color=&#8221;gcid-e7b232ef-f215-4a26-9995-d2f883fb36a5&#8243; locked=&#8221;off&#8221; global_colors_info=&#8221;{%22gcid-e7b232ef-f215-4a26-9995-d2f883fb36a5%22:%91%22background_color%22,%22box_shadow_color%22%93}&#8221;][et_pb_row column_structure=&#8221;1_2,1_2&#8243; _builder_version=&#8221;4.20.2&#8243; _module_preset=&#8221;default&#8221; global_colors_info=&#8221;{}&#8221;][et_pb_column type=&#8221;1_2&#8243; _builder_version=&#8221;4.20.2&#8243; _module_preset=&#8221;default&#8221; global_colors_info=&#8221;{}&#8221;][et_pb_image src=&#8221;https:\/\/pernet-a.com\/fr\/wp-content\/uploads\/sites\/5\/2023\/06\/AFRICA.jpg&#8221; title_text=&#8221;AFRICA&#8221; _builder_version=&#8221;4.20.2&#8243; _module_preset=&#8221;default&#8221; width=&#8221;120%&#8221; custom_margin=&#8221;|||-101px||&#8221; custom_padding=&#8221;|2px||||&#8221; animation_style=&#8221;fade&#8221; animation_duration=&#8221;500ms&#8221; global_colors_info=&#8221;{}&#8221;][\/et_pb_image][\/et_pb_column][et_pb_column type=&#8221;1_2&#8243; _builder_version=&#8221;4.20.2&#8243; _module_preset=&#8221;default&#8221; global_colors_info=&#8221;{}&#8221;][et_pb_image src=&#8221;https:\/\/pernet-a.com\/fr\/wp-content\/uploads\/sites\/5\/2023\/06\/ACEANI.jpg&#8221; title_text=&#8221;ACEANI&#8221; _builder_version=&#8221;4.20.2&#8243; _module_preset=&#8221;default&#8221; width=&#8221;120%&#8221; animation_style=&#8221;fade&#8221; global_colors_info=&#8221;{}&#8221;][\/et_pb_image][\/et_pb_column][\/et_pb_row][et_pb_row column_structure=&#8221;1_2,1_2&#8243; _builder_version=&#8221;4.20.2&#8243; _module_preset=&#8221;default&#8221; global_colors_info=&#8221;{}&#8221;][et_pb_column type=&#8221;1_2&#8243; _builder_version=&#8221;4.20.2&#8243; _module_preset=&#8221;default&#8221; global_colors_info=&#8221;{}&#8221;][et_pb_image src=&#8221;https:\/\/pernet-a.com\/fr\/wp-content\/uploads\/sites\/5\/2023\/06\/MERICA.jpg&#8221; title_text=&#8221;MERICA&#8221; _builder_version=&#8221;4.20.2&#8243; _module_preset=&#8221;default&#8221; width=&#8221;120%&#8221; custom_margin=&#8221;|||-101px||&#8221; custom_padding=&#8221;|2px||||&#8221; animation_style=&#8221;fade&#8221; animation_duration=&#8221;1500ms&#8221; global_colors_info=&#8221;{}&#8221;][\/et_pb_image][\/et_pb_column][et_pb_column type=&#8221;1_2&#8243; _builder_version=&#8221;4.20.2&#8243; _module_preset=&#8221;default&#8221; global_colors_info=&#8221;{}&#8221;][et_pb_image src=&#8221;https:\/\/pernet-a.com\/fr\/wp-content\/uploads\/sites\/5\/2023\/06\/EUROPE.jpg&#8221; title_text=&#8221;EUROPE&#8221; _builder_version=&#8221;4.20.2&#8243; _module_preset=&#8221;default&#8221; width=&#8221;120%&#8221; animation_style=&#8221;fade&#8221; animation_duration=&#8221;2000ms&#8221; global_colors_info=&#8221;{}&#8221;][\/et_pb_image][\/et_pb_column][\/et_pb_row][\/et_pb_section][et_pb_section fb_built=&#8221;1&#8243; disabled_on=&#8221;off|on|on&#8221; _builder_version=&#8221;4.20.2&#8243; _module_preset=&#8221;default&#8221; background_color=&#8221;gcid-e7b232ef-f215-4a26-9995-d2f883fb36a5&#8243; background_image=&#8221;https:\/\/pernet-a.com\/fr\/wp-content\/uploads\/sites\/5\/2023\/06\/OIUYTR.jpg&#8221; min_height=&#8221;750px&#8221; height=&#8221;90vh&#8221; max_height=&#8221;1900px&#8221; custom_padding=&#8221;0px|0px|6px|0px|false|true&#8221; box_shadow_style=&#8221;preset6&#8243; box_shadow_vertical=&#8221;-61px&#8221; box_shadow_blur=&#8221;26px&#8221; box_shadow_spread=&#8221;-13px&#8221; box_shadow_color=&#8221;gcid-e7b232ef-f215-4a26-9995-d2f883fb36a5&#8243; locked=&#8221;off&#8221; global_colors_info=&#8221;{%22gcid-e7b232ef-f215-4a26-9995-d2f883fb36a5%22:%91%22background_color%22,%22box_shadow_color%22%93}&#8221;][et_pb_row _builder_version=&#8221;4.20.2&#8243; _module_preset=&#8221;default&#8221; max_width=&#8221;371px&#8221; custom_padding=&#8221;69px|||||&#8221; global_colors_info=&#8221;{}&#8221;][et_pb_column type=&#8221;4_4&#8243; _builder_version=&#8221;4.20.2&#8243; _module_preset=&#8221;default&#8221; global_colors_info=&#8221;{}&#8221;][et_pb_image src=&#8221;https:\/\/pernet-a.com\/fr\/wp-content\/uploads\/sites\/5\/2023\/06\/AFRICA.jpg&#8221; title_text=&#8221;AFRICA&#8221; _builder_version=&#8221;4.20.2&#8243; _module_preset=&#8221;default&#8221; animation_style=&#8221;fade&#8221; global_colors_info=&#8221;{}&#8221;][\/et_pb_image][et_pb_image src=&#8221;https:\/\/pernet-a.com\/fr\/wp-content\/uploads\/sites\/5\/2023\/06\/ACEANI.jpg&#8221; title_text=&#8221;ACEANI&#8221; _builder_version=&#8221;4.20.2&#8243; _module_preset=&#8221;default&#8221; animation_style=&#8221;fade&#8221; animation_duration=&#8221;1500ms&#8221; global_colors_info=&#8221;{}&#8221;][\/et_pb_image][et_pb_image src=&#8221;https:\/\/pernet-a.com\/fr\/wp-content\/uploads\/sites\/5\/2023\/06\/MERICA.jpg&#8221; title_text=&#8221;MERICA&#8221; _builder_version=&#8221;4.20.2&#8243; _module_preset=&#8221;default&#8221; animation_style=&#8221;fade&#8221; animation_duration=&#8221;2000ms&#8221; global_colors_info=&#8221;{}&#8221;][\/et_pb_image][\/et_pb_column][\/et_pb_row][\/et_pb_section][et_pb_section fb_built=&#8221;1&#8243; _builder_version=&#8221;4.20.2&#8243; _module_preset=&#8221;default&#8221; background_color=&#8221;#161616&#8243; background_enable_image=&#8221;off&#8221; parallax=&#8221;on&#8221; custom_margin=&#8221;||||false|false&#8221; custom_padding=&#8221;||0px||false|false&#8221; global_colors_info=&#8221;{}&#8221;][et_pb_row column_structure=&#8221;1_2,1_2&#8243; make_equal=&#8221;on&#8221; _builder_version=&#8221;4.20.2&#8243; _module_preset=&#8221;default&#8221; width=&#8221;90%&#8221; max_width=&#8221;1400px&#8221; custom_margin=&#8221;|auto||auto|false|false&#8221; custom_padding=&#8221;|0px|86px||false|false&#8221; custom_css_main_element=&#8221;align-items: center!important;&#8221; global_colors_info=&#8221;{}&#8221;][et_pb_column type=&#8221;1_2&#8243; _builder_version=&#8221;4.20.2&#8243; _module_preset=&#8221;default&#8221; global_colors_info=&#8221;{}&#8221;][et_pb_blurb title=&#8221;@ET-DC@eyJkeW5hbWljIjp0cnVlLCJjb250ZW50IjoicG9zdF90aXRsZSIsInNldHRpbmdzIjp7ImJlZm9yZSI6IiIsImFmdGVyIjoiIn19@&#8221; content_max_width=&#8221;180%&#8221; _builder_version=&#8221;4.20.2&#8243; _dynamic_attributes=&#8221;title&#8221; _module_preset=&#8221;default&#8221; header_level=&#8221;h2&#8243; header_font=&#8221;Montserrat|700|||||||&#8221; header_text_color=&#8221;#e8e8e8&#8243; header_font_size=&#8221;36px&#8221; body_font=&#8221;Montserrat||||||||&#8221; body_text_color=&#8221;#FFFFFF&#8221; body_font_size=&#8221;20px&#8221; body_line_height=&#8221;1em&#8221; custom_margin=&#8221;|-2px||||&#8221; custom_padding=&#8221;||0px||false|false&#8221; animation_style=&#8221;fade&#8221; global_colors_info=&#8221;{}&#8221;]<\/p>\n<p><span>&amp; TOYOTA<\/span><\/p>\n<p>[\/et_pb_blurb][et_pb_text _builder_version=&#8221;4.20.2&#8243; _module_preset=&#8221;default&#8221; text_font=&#8221;Montserrat||||||||&#8221; text_text_color=&#8221;#f4f4f4&#8243; text_line_height=&#8221;2em&#8221; custom_padding=&#8221;||73px|||&#8221; animation_style=&#8221;fade&#8221; animation_duration=&#8221;1500ms&#8221; hover_enabled=&#8221;0&#8243; global_colors_info=&#8221;{}&#8221; sticky_enabled=&#8221;0&#8243;]<\/p>\n<p style=\"text-align: justify;\">Cr\u00e9ation et conception d\u2019une pr\u00e9sentation d\u2019un projet pour la collaboration des entreprises Accor Live Limitless et Toyota en vue de la cr\u00e9ation d\u2019un documentaire sponsoris\u00e9 pr\u00e9sentant et suivant des athl\u00e8tes des diff\u00e9rents continents participants aux jeux olympiques de Paris 2024.<\/p>\n<p>[\/et_pb_text][\/et_pb_column][et_pb_column type=&#8221;1_2&#8243; _builder_version=&#8221;4.20.2&#8243; _module_preset=&#8221;default&#8221; global_colors_info=&#8221;{}&#8221;][et_pb_image src=&#8221;https:\/\/pernet-a.com\/fr\/wp-content\/uploads\/sites\/5\/2023\/06\/qzrgh.jpg&#8221; alt=&#8221;14&#8243; title_text=&#8221;qzrgh&#8221; align=&#8221;center&#8221; _builder_version=&#8221;4.20.2&#8243; _module_preset=&#8221;default&#8221; width=&#8221;100%&#8221; module_alignment=&#8221;center&#8221; max_height=&#8221;1000px&#8221; custom_margin=&#8221;|-58px||116px||&#8221; custom_padding=&#8221;|||0px||&#8221; animation_style=&#8221;fade&#8221; global_colors_info=&#8221;{}&#8221;][\/et_pb_image][et_pb_image src=&#8221;https:\/\/pernet-a.com\/fr\/wp-content\/uploads\/sites\/5\/2023\/06\/ASIE.jpg&#8221; alt=&#8221;14&#8243; title_text=&#8221;ASIE&#8221; align=&#8221;center&#8221; _builder_version=&#8221;4.20.2&#8243; _module_preset=&#8221;default&#8221; width=&#8221;100%&#8221; module_alignment=&#8221;center&#8221; max_height=&#8221;1000px&#8221; custom_margin=&#8221;-23px|-58px||116px||&#8221; custom_padding=&#8221;|||0px||&#8221; animation_style=&#8221;fade&#8221; global_colors_info=&#8221;{}&#8221;][\/et_pb_image][\/et_pb_column][\/et_pb_row][\/et_pb_section][et_pb_section fb_built=&#8221;1&#8243; _builder_version=&#8221;4.20.2&#8243; _module_preset=&#8221;default&#8221; background_color=&#8221;#111111&#8243; background_image=&#8221;https:\/\/pernet-a.com\/fr\/wp-content\/uploads\/sites\/5\/2023\/06\/GTHJJ.jpg&#8221; parallax=&#8221;on&#8221; custom_padding=&#8221;135px|||||&#8221; global_colors_info=&#8221;{}&#8221;][et_pb_row column_structure=&#8221;2_5,3_5&#8243; make_equal=&#8221;on&#8221; _builder_version=&#8221;4.20.2&#8243; _module_preset=&#8221;default&#8221; width=&#8221;90%&#8221; max_width=&#8221;1400px&#8221; custom_padding=&#8221;||87px|||&#8221; custom_css_main_element=&#8221;align-items: center!important;&#8221; global_colors_info=&#8221;{}&#8221;][et_pb_column type=&#8221;2_5&#8243; _builder_version=&#8221;4.20.2&#8243; _module_preset=&#8221;default&#8221; global_colors_info=&#8221;{}&#8221;][et_pb_image src=&#8221;https:\/\/pernet-a.com\/fr\/wp-content\/uploads\/sites\/5\/2023\/06\/JHGKHFVF.jpg&#8221; title_text=&#8221;JHGKHFVF&#8221; align=&#8221;center&#8221; _builder_version=&#8221;4.20.2&#8243; _module_preset=&#8221;default&#8221; module_alignment=&#8221;center&#8221; max_height=&#8221;736px&#8221; animation_style=&#8221;fade&#8221; global_colors_info=&#8221;{}&#8221;][\/et_pb_image][\/et_pb_column][et_pb_column type=&#8221;3_5&#8243; _builder_version=&#8221;4.20.2&#8243; _module_preset=&#8221;default&#8221; global_colors_info=&#8221;{}&#8221;][et_pb_text _builder_version=&#8221;4.20.2&#8243; _module_preset=&#8221;default&#8221; text_font=&#8221;Montserrat||||||||&#8221; text_text_color=&#8221;#FFFFFF&#8221; text_line_height=&#8221;1.3em&#8221; header_line_height=&#8221;0em&#8221; width=&#8221;100%&#8221; custom_margin=&#8221;|35px|||false|false&#8221; custom_padding=&#8221;5px|17px||17px|false|false&#8221; animation_style=&#8221;fade&#8221; hover_enabled=&#8221;0&#8243; text_orientation_tablet=&#8221;&#8221; text_orientation_phone=&#8221;justified&#8221; text_orientation_last_edited=&#8221;on|phone&#8221; global_colors_info=&#8221;{}&#8221; sticky_enabled=&#8221;0&#8243;]<\/p>\n<p style=\"text-align: justify;\">Cr\u00e9ation de visuels repr\u00e9sentatifs de chacun des continents ainsi que de leurs images dans une pr\u00e9sentation du projet comprenant diff\u00e9rentes parties expressives du r\u00e9sultat cin\u00e9matographique du projet de documentaire.<\/p>\n<p>[\/et_pb_text][\/et_pb_column][\/et_pb_row][\/et_pb_section]<\/p>\n","protected":false},"excerpt":{"rendered":"<p>&amp; TOYOTACr\u00e9ation et conception d\u2019une pr\u00e9sentation d\u2019un projet pour la collaboration des entreprises Accor Live Limitless et Toyota en vue de la cr\u00e9ation d\u2019un documentaire sponsoris\u00e9 pr\u00e9sentant et suivant des athl\u00e8tes des diff\u00e9rents continents participants aux jeux olympiques de Paris 2024.Cr\u00e9ation de visuels repr\u00e9sentatifs de chacun des continents ainsi que de leurs images dans une [&hellip;]<\/p>\n","protected":false},"author":2,"featured_media":0,"parent":0,"menu_order":0,"comment_status":"closed","ping_status":"closed","template":"","meta":{"_et_pb_use_builder":"on","_et_pb_old_content":"","_et_gb_content_width":""},"yoast_head":"<!-- This site is optimized with the Yoast SEO plugin v20.4 - https:\/\/yoast.com\/wordpress\/plugins\/seo\/ -->\n<title>ACCOR LIVE LIMITLESS - Pernet Alexis - Fran\u00e7ais<\/title>\n<meta name=\"robots\" content=\"index, follow, max-snippet:-1, max-image-preview:large, max-video-preview:-1\" \/>\n<link rel=\"canonical\" href=\"https:\/\/pernet-a.com\/fr\/accor-live-limitless\/\" \/>\n<meta property=\"og:locale\" content=\"fr_FR\" \/>\n<meta property=\"og:type\" content=\"article\" \/>\n<meta property=\"og:title\" content=\"ACCOR LIVE LIMITLESS - Pernet Alexis - Fran\u00e7ais\" \/>\n<meta property=\"og:description\" content=\"&amp; TOYOTACr\u00e9ation et conception d\u2019une pr\u00e9sentation d\u2019un projet pour la collaboration des entreprises Accor Live Limitless et Toyota en vue de la cr\u00e9ation d\u2019un documentaire sponsoris\u00e9 pr\u00e9sentant et suivant des athl\u00e8tes des diff\u00e9rents continents participants aux jeux olympiques de Paris 2024.Cr\u00e9ation de visuels repr\u00e9sentatifs de chacun des continents ainsi que de leurs images dans une [&hellip;]\" \/>\n<meta property=\"og:url\" content=\"https:\/\/pernet-a.com\/fr\/accor-live-limitless\/\" \/>\n<meta property=\"og:site_name\" content=\"Pernet Alexis - Fran\u00e7ais\" \/>\n<meta property=\"article:modified_time\" content=\"2023-06-15T18:35:59+00:00\" \/>\n<meta name=\"twitter:card\" content=\"summary_large_image\" \/>\n<script type=\"application\/ld+json\" class=\"yoast-schema-graph\">{\"@context\":\"https:\/\/schema.org\",\"@graph\":[{\"@type\":\"WebPage\",\"@id\":\"https:\/\/pernet-a.com\/fr\/accor-live-limitless\/\",\"url\":\"https:\/\/pernet-a.com\/fr\/accor-live-limitless\/\",\"name\":\"ACCOR LIVE LIMITLESS - Pernet Alexis - Fran\u00e7ais\",\"isPartOf\":{\"@id\":\"https:\/\/pernet-a.com\/fr\/#website\"},\"datePublished\":\"2023-06-04T12:42:03+00:00\",\"dateModified\":\"2023-06-15T18:35:59+00:00\",\"breadcrumb\":{\"@id\":\"https:\/\/pernet-a.com\/fr\/accor-live-limitless\/#breadcrumb\"},\"inLanguage\":\"fr-FR\",\"potentialAction\":[{\"@type\":\"ReadAction\",\"target\":[\"https:\/\/pernet-a.com\/fr\/accor-live-limitless\/\"]}]},{\"@type\":\"BreadcrumbList\",\"@id\":\"https:\/\/pernet-a.com\/fr\/accor-live-limitless\/#breadcrumb\",\"itemListElement\":[{\"@type\":\"ListItem\",\"position\":1,\"name\":\"Accueil\",\"item\":\"https:\/\/pernet-a.com\/fr\/\"},{\"@type\":\"ListItem\",\"position\":2,\"name\":\"ACCOR LIVE LIMITLESS\"}]},{\"@type\":\"WebSite\",\"@id\":\"https:\/\/pernet-a.com\/fr\/#website\",\"url\":\"https:\/\/pernet-a.com\/fr\/\",\"name\":\"Pernet Alexis - Fran\u00e7ais\",\"description\":\"Visual Content Creation: Videography, Motion Design, Photography, and Graphic Design\",\"potentialAction\":[{\"@type\":\"SearchAction\",\"target\":{\"@type\":\"EntryPoint\",\"urlTemplate\":\"https:\/\/pernet-a.com\/fr\/?s={search_term_string}\"},\"query-input\":\"required name=search_term_string\"}],\"inLanguage\":\"fr-FR\"}]}<\/script>\n<!-- \/ Yoast SEO plugin. -->","yoast_head_json":{"title":"ACCOR LIVE LIMITLESS - Pernet Alexis - Fran\u00e7ais","robots":{"index":"index","follow":"follow","max-snippet":"max-snippet:-1","max-image-preview":"max-image-preview:large","max-video-preview":"max-video-preview:-1"},"canonical":"https:\/\/pernet-a.com\/fr\/accor-live-limitless\/","og_locale":"fr_FR","og_type":"article","og_title":"ACCOR LIVE LIMITLESS - Pernet Alexis - Fran\u00e7ais","og_description":"&amp; TOYOTACr\u00e9ation et conception d\u2019une pr\u00e9sentation d\u2019un projet pour la collaboration des entreprises Accor Live Limitless et Toyota en vue de la cr\u00e9ation d\u2019un documentaire sponsoris\u00e9 pr\u00e9sentant et suivant des athl\u00e8tes des diff\u00e9rents continents participants aux jeux olympiques de Paris 2024.Cr\u00e9ation de visuels repr\u00e9sentatifs de chacun des continents ainsi que de leurs images dans une [&hellip;]","og_url":"https:\/\/pernet-a.com\/fr\/accor-live-limitless\/","og_site_name":"Pernet Alexis - Fran\u00e7ais","article_modified_time":"2023-06-15T18:35:59+00:00","twitter_card":"summary_large_image","schema":{"@context":"https:\/\/schema.org","@graph":[{"@type":"WebPage","@id":"https:\/\/pernet-a.com\/fr\/accor-live-limitless\/","url":"https:\/\/pernet-a.com\/fr\/accor-live-limitless\/","name":"ACCOR LIVE LIMITLESS - Pernet Alexis - Fran\u00e7ais","isPartOf":{"@id":"https:\/\/pernet-a.com\/fr\/#website"},"datePublished":"2023-06-04T12:42:03+00:00","dateModified":"2023-06-15T18:35:59+00:00","breadcrumb":{"@id":"https:\/\/pernet-a.com\/fr\/accor-live-limitless\/#breadcrumb"},"inLanguage":"fr-FR","potentialAction":[{"@type":"ReadAction","target":["https:\/\/pernet-a.com\/fr\/accor-live-limitless\/"]}]},{"@type":"BreadcrumbList","@id":"https:\/\/pernet-a.com\/fr\/accor-live-limitless\/#breadcrumb","itemListElement":[{"@type":"ListItem","position":1,"name":"Accueil","item":"https:\/\/pernet-a.com\/fr\/"},{"@type":"ListItem","position":2,"name":"ACCOR LIVE LIMITLESS"}]},{"@type":"WebSite","@id":"https:\/\/pernet-a.com\/fr\/#website","url":"https:\/\/pernet-a.com\/fr\/","name":"Pernet Alexis - Fran\u00e7ais","description":"Visual Content Creation: Videography, Motion Design, Photography, and Graphic Design","potentialAction":[{"@type":"SearchAction","target":{"@type":"EntryPoint","urlTemplate":"https:\/\/pernet-a.com\/fr\/?s={search_term_string}"},"query-input":"required name=search_term_string"}],"inLanguage":"fr-FR"}]}},"_links":{"self":[{"href":"https:\/\/pernet-a.com\/fr\/wp-json\/wp\/v2\/pages\/954"}],"collection":[{"href":"https:\/\/pernet-a.com\/fr\/wp-json\/wp\/v2\/pages"}],"about":[{"href":"https:\/\/pernet-a.com\/fr\/wp-json\/wp\/v2\/types\/page"}],"author":[{"embeddable":true,"href":"https:\/\/pernet-a.com\/fr\/wp-json\/wp\/v2\/users\/2"}],"replies":[{"embeddable":true,"href":"https:\/\/pernet-a.com\/fr\/wp-json\/wp\/v2\/comments?post=954"}],"version-history":[{"count":19,"href":"https:\/\/pernet-a.com\/fr\/wp-json\/wp\/v2\/pages\/954\/revisions"}],"predecessor-version":[{"id":1222,"href":"https:\/\/pernet-a.com\/fr\/wp-json\/wp\/v2\/pages\/954\/revisions\/1222"}],"wp:attachment":[{"href":"https:\/\/pernet-a.com\/fr\/wp-json\/wp\/v2\/media?parent=954"}],"curies":[{"name":"wp","href":"https:\/\/api.w.org\/{rel}","templated":true}]}}